{"id":30369,"date":"2020-09-30T14:42:04","date_gmt":"2020-09-30T14:42:04","guid":{"rendered":"http:\/\/alessandrabortolussi.com\/?page_id=30369"},"modified":"2020-10-19T12:58:12","modified_gmt":"2020-10-19T12:58:12","slug":"video","status":"publish","type":"page","link":"http:\/\/alessandrabortolussi.com\/it\/video\/","title":{"rendered":"Video"},"content":{"rendered":"<p>[et_pb_section fb_built=&#8221;1&#8243; _builder_version=&#8221;4.6.5&#8243; _module_preset=&#8221;default&#8221; hover_enabled=&#8221;0&#8243; sticky_enabled=&#8221;0&#8243;][et_pb_row column_structure=&#8221;1_2,1_2&#8243; _builder_version=&#8221;4.6.5&#8243; _module_preset=&#8221;default&#8221;][et_pb_column type=&#8221;1_2&#8243; _builder_version=&#8221;4.6.5&#8243; _module_preset=&#8221;default&#8221;][et_pb_text _builder_version=&#8221;4.6.5&#8243; _module_preset=&#8221;default&#8221;]<\/p>\n<h5>Risorse<\/h5>\n<h1><span class=\"diff-font\">Un Video,<\/span> Una nuova visione<\/h1>\n<p>[\/et_pb_text][et_pb_text _builder_version=&#8221;4.6.5&#8243; _module_preset=&#8221;default&#8221;]L\u00ec dove la lettura lascia spazio alla nostra immaginazione, un video soddisfa la necessit\u00e0 di informazioni visive, di colori, facce, movimento.<br \/>\nVeniamo trasportati in una nuova realt\u00e0, che ci sembra gi\u00e0 di riconoscere.<\/p>\n<p>Buona visione![\/et_pb_text][\/et_pb_column][et_pb_column type=&#8221;1_2&#8243; _builder_version=&#8221;4.6.5&#8243; _module_preset=&#8221;default&#8221;][et_pb_image src=&#8221;http:\/\/alessandrabortolussi.com\/wp-content\/uploads\/2020\/10\/IMG_7016_Pagina-Video.jpg&#8221; title_text=&#8221;IMG_7016_Pagina Video&#8221; _builder_version=&#8221;4.6.5&#8243; _module_preset=&#8221;default&#8221;][\/et_pb_image][\/et_pb_column][\/et_pb_row][\/et_pb_section][et_pb_section fb_built=&#8221;1&#8243; _builder_version=&#8221;4.6.5&#8243; _module_preset=&#8221;default&#8221;][et_pb_row _builder_version=&#8221;4.6.5&#8243; _module_preset=&#8221;default&#8221;][et_pb_column type=&#8221;4_4&#8243; _builder_version=&#8221;4.6.5&#8243; _module_preset=&#8221;default&#8221;][et_pb_text _builder_version=&#8221;4.6.5&#8243; _module_preset=&#8221;default&#8221;]<\/p>\n<h3><a href=\"https:\/\/www.youtube.com\/watch?v=mi9Vonr1X_k&amp;feature=emb_logo\" target=\"_blank\" rel=\"noopener noreferrer\">Brene Brown: TED Talk sulla vulnerabilit\u00e0<\/a><\/h3>\n<p>La ricercatrice e scrittrice del comportamento umano \u00e8 diventata famosa grazie a questo TED talk dove parla della vulnerabilit\u00e0. Se pensi che un video su questo argomento non fa per te, guardalo!<\/p>\n<p>[\/et_pb_text][\/et_pb_column][\/et_pb_row][\/et_pb_section][et_pb_section fb_built=&#8221;1&#8243; _builder_version=&#8221;4.6.5&#8243; _module_preset=&#8221;default&#8221; custom_margin=&#8221;0px||||false|false&#8221; custom_padding=&#8221;0px||||false|false&#8221; hover_enabled=&#8221;0&#8243; sticky_enabled=&#8221;0&#8243; global_module=&#8221;31011&#8243; saved_tabs=&#8221;all&#8221;][et_pb_row _builder_version=&#8221;4.6.5&#8243; _module_preset=&#8221;default&#8221;][et_pb_column _builder_version=&#8221;4.6.5&#8243; _module_preset=&#8221;default&#8221; type=&#8221;4_4&#8243;][et_pb_button button_text=&#8221;Torna indietro&#8221; _builder_version=&#8221;4.6.5&#8243; _module_preset=&#8221;default&#8221; button_url=&#8221;\/risorse-locked\/&#8221; hover_enabled=&#8221;0&#8243; sticky_enabled=&#8221;0&#8243; button_alignment=&#8221;center&#8221; custom_button=&#8221;on&#8221; button_icon=&#8221;%%2%%&#8221; button_icon_placement=&#8221;left&#8221; button_on_hover=&#8221;off&#8221; module_class=&#8221;back-btn-risorse&#8221;][\/et_pb_button][\/et_pb_column][\/et_pb_row][\/et_pb_section]<\/p>\n","protected":false},"excerpt":{"rendered":"<p>Risorse Un Video, Una nuova visioneL\u00ec dove la lettura lascia spazio alla nostra immaginazione, un video soddisfa la necessit\u00e0 di informazioni visive, di colori, facce, movimento. Veniamo trasportati in una nuova realt\u00e0, che ci sembra gi\u00e0 di riconoscere. Buona visione!Brene Brown: TED Talk sulla vulnerabilit\u00e0 La ricercatrice e scrittrice del comportamento umano \u00e8 diventata famosa [&hellip;]<\/p>\n","protected":false},"author":1,"featured_media":0,"parent":0,"menu_order":0,"comment_status":"closed","ping_status":"closed","template":"","meta":{"_et_pb_use_builder":"on","_et_pb_old_content":"","_et_gb_content_width":"","footnotes":""},"class_list":["post-30369","page","type-page","status-publish","hentry"],"yoast_head":"<!-- This site is optimized with the Yoast SEO plugin v25.9 - https:\/\/yoast.com\/wordpress\/plugins\/seo\/ -->\n<title>Video - Alessandra Bortolussi<\/title>\n<meta name=\"robots\" content=\"index, follow, max-snippet:-1, max-image-preview:large, max-video-preview:-1\" \/>\n<link rel=\"canonical\" href=\"http:\/\/alessandrabortolussi.com\/it\/video\/\" \/>\n<meta property=\"og:locale\" content=\"it_IT\" \/>\n<meta property=\"og:type\" content=\"article\" \/>\n<meta property=\"og:title\" content=\"Video - Alessandra Bortolussi\" \/>\n<meta property=\"og:description\" content=\"Risorse Un Video, Una nuova visioneL\u00ec dove la lettura lascia spazio alla nostra immaginazione, un video soddisfa la necessit\u00e0 di informazioni visive, di colori, facce, movimento. Veniamo trasportati in una nuova realt\u00e0, che ci sembra gi\u00e0 di riconoscere. Buona visione!Brene Brown: TED Talk sulla vulnerabilit\u00e0 La ricercatrice e scrittrice del comportamento umano \u00e8 diventata famosa [&hellip;]\" \/>\n<meta property=\"og:url\" content=\"http:\/\/alessandrabortolussi.com\/it\/video\/\" \/>\n<meta property=\"og:site_name\" content=\"Alessandra Bortolussi\" \/>\n<meta property=\"article:modified_time\" content=\"2020-10-19T12:58:12+00:00\" \/>\n<meta name=\"twitter:card\" content=\"summary_large_image\" \/>\n<meta name=\"twitter:label1\" content=\"Tempo di lettura stimato\" \/>\n\t<meta name=\"twitter:data1\" content=\"2 minuti\" \/>\n<script type=\"application\/ld+json\" class=\"yoast-schema-graph\">{\"@context\":\"https:\/\/schema.org\",\"@graph\":[{\"@type\":\"WebPage\",\"@id\":\"http:\/\/alessandrabortolussi.com\/it\/video\/\",\"url\":\"http:\/\/alessandrabortolussi.com\/it\/video\/\",\"name\":\"Video - Alessandra Bortolussi\",\"isPartOf\":{\"@id\":\"https:\/\/alessandrabortolussi.com\/#website\"},\"datePublished\":\"2020-09-30T14:42:04+00:00\",\"dateModified\":\"2020-10-19T12:58:12+00:00\",\"breadcrumb\":{\"@id\":\"http:\/\/alessandrabortolussi.com\/it\/video\/#breadcrumb\"},\"inLanguage\":\"it-IT\",\"potentialAction\":[{\"@type\":\"ReadAction\",\"target\":[\"http:\/\/alessandrabortolussi.com\/it\/video\/\"]}]},{\"@type\":\"BreadcrumbList\",\"@id\":\"http:\/\/alessandrabortolussi.com\/it\/video\/#breadcrumb\",\"itemListElement\":[{\"@type\":\"ListItem\",\"position\":1,\"name\":\"Home\",\"item\":\"http:\/\/alessandrabortolussi.com\/it\/\"},{\"@type\":\"ListItem\",\"position\":2,\"name\":\"Video\"}]},{\"@type\":\"WebSite\",\"@id\":\"https:\/\/alessandrabortolussi.com\/#website\",\"url\":\"https:\/\/alessandrabortolussi.com\/\",\"name\":\"Alessandra Bortolussi\",\"description\":\"Executive Coaching and Leadership Development\",\"publisher\":{\"@id\":\"https:\/\/alessandrabortolussi.com\/#organization\"},\"potentialAction\":[{\"@type\":\"SearchAction\",\"target\":{\"@type\":\"EntryPoint\",\"urlTemplate\":\"https:\/\/alessandrabortolussi.com\/?s={search_term_string}\"},\"query-input\":{\"@type\":\"PropertyValueSpecification\",\"valueRequired\":true,\"valueName\":\"search_term_string\"}}],\"inLanguage\":\"it-IT\"},{\"@type\":\"Organization\",\"@id\":\"https:\/\/alessandrabortolussi.com\/#organization\",\"name\":\"Alessandra Bortolussi\",\"url\":\"https:\/\/alessandrabortolussi.com\/\",\"logo\":{\"@type\":\"ImageObject\",\"inLanguage\":\"it-IT\",\"@id\":\"https:\/\/alessandrabortolussi.com\/#\/schema\/logo\/image\/\",\"url\":\"http:\/\/alessandrabortolussi.com\/wp-content\/uploads\/2020\/09\/alessandra_bortolussi_small.png\",\"contentUrl\":\"http:\/\/alessandrabortolussi.com\/wp-content\/uploads\/2020\/09\/alessandra_bortolussi_small.png\",\"width\":950,\"height\":112,\"caption\":\"Alessandra Bortolussi\"},\"image\":{\"@id\":\"https:\/\/alessandrabortolussi.com\/#\/schema\/logo\/image\/\"},\"sameAs\":[\"https:\/\/www.linkedin.com\/in\/alessandrabortolussi\/\"]}]}<\/script>\n<!-- \/ Yoast SEO plugin. -->","yoast_head_json":{"title":"Video - Alessandra Bortolussi","robots":{"index":"index","follow":"follow","max-snippet":"max-snippet:-1","max-image-preview":"max-image-preview:large","max-video-preview":"max-video-preview:-1"},"canonical":"http:\/\/alessandrabortolussi.com\/it\/video\/","og_locale":"it_IT","og_type":"article","og_title":"Video - Alessandra Bortolussi","og_description":"Risorse Un Video, Una nuova visioneL\u00ec dove la lettura lascia spazio alla nostra immaginazione, un video soddisfa la necessit\u00e0 di informazioni visive, di colori, facce, movimento. Veniamo trasportati in una nuova realt\u00e0, che ci sembra gi\u00e0 di riconoscere. Buona visione!Brene Brown: TED Talk sulla vulnerabilit\u00e0 La ricercatrice e scrittrice del comportamento umano \u00e8 diventata famosa [&hellip;]","og_url":"http:\/\/alessandrabortolussi.com\/it\/video\/","og_site_name":"Alessandra Bortolussi","article_modified_time":"2020-10-19T12:58:12+00:00","twitter_card":"summary_large_image","twitter_misc":{"Tempo di lettura stimato":"2 minuti"},"schema":{"@context":"https:\/\/schema.org","@graph":[{"@type":"WebPage","@id":"http:\/\/alessandrabortolussi.com\/it\/video\/","url":"http:\/\/alessandrabortolussi.com\/it\/video\/","name":"Video - Alessandra Bortolussi","isPartOf":{"@id":"https:\/\/alessandrabortolussi.com\/#website"},"datePublished":"2020-09-30T14:42:04+00:00","dateModified":"2020-10-19T12:58:12+00:00","breadcrumb":{"@id":"http:\/\/alessandrabortolussi.com\/it\/video\/#breadcrumb"},"inLanguage":"it-IT","potentialAction":[{"@type":"ReadAction","target":["http:\/\/alessandrabortolussi.com\/it\/video\/"]}]},{"@type":"BreadcrumbList","@id":"http:\/\/alessandrabortolussi.com\/it\/video\/#breadcrumb","itemListElement":[{"@type":"ListItem","position":1,"name":"Home","item":"http:\/\/alessandrabortolussi.com\/it\/"},{"@type":"ListItem","position":2,"name":"Video"}]},{"@type":"WebSite","@id":"https:\/\/alessandrabortolussi.com\/#website","url":"https:\/\/alessandrabortolussi.com\/","name":"Alessandra Bortolussi","description":"Executive Coaching and Leadership Development","publisher":{"@id":"https:\/\/alessandrabortolussi.com\/#organization"},"potentialAction":[{"@type":"SearchAction","target":{"@type":"EntryPoint","urlTemplate":"https:\/\/alessandrabortolussi.com\/?s={search_term_string}"},"query-input":{"@type":"PropertyValueSpecification","valueRequired":true,"valueName":"search_term_string"}}],"inLanguage":"it-IT"},{"@type":"Organization","@id":"https:\/\/alessandrabortolussi.com\/#organization","name":"Alessandra Bortolussi","url":"https:\/\/alessandrabortolussi.com\/","logo":{"@type":"ImageObject","inLanguage":"it-IT","@id":"https:\/\/alessandrabortolussi.com\/#\/schema\/logo\/image\/","url":"http:\/\/alessandrabortolussi.com\/wp-content\/uploads\/2020\/09\/alessandra_bortolussi_small.png","contentUrl":"http:\/\/alessandrabortolussi.com\/wp-content\/uploads\/2020\/09\/alessandra_bortolussi_small.png","width":950,"height":112,"caption":"Alessandra Bortolussi"},"image":{"@id":"https:\/\/alessandrabortolussi.com\/#\/schema\/logo\/image\/"},"sameAs":["https:\/\/www.linkedin.com\/in\/alessandrabortolussi\/"]}]}},"_links":{"self":[{"href":"http:\/\/alessandrabortolussi.com\/it\/wp-json\/wp\/v2\/pages\/30369","targetHints":{"allow":["GET"]}}],"collection":[{"href":"http:\/\/alessandrabortolussi.com\/it\/wp-json\/wp\/v2\/pages"}],"about":[{"href":"http:\/\/alessandrabortolussi.com\/it\/wp-json\/wp\/v2\/types\/page"}],"author":[{"embeddable":true,"href":"http:\/\/alessandrabortolussi.com\/it\/wp-json\/wp\/v2\/users\/1"}],"replies":[{"embeddable":true,"href":"http:\/\/alessandrabortolussi.com\/it\/wp-json\/wp\/v2\/comments?post=30369"}],"version-history":[{"count":5,"href":"http:\/\/alessandrabortolussi.com\/it\/wp-json\/wp\/v2\/pages\/30369\/revisions"}],"predecessor-version":[{"id":31012,"href":"http:\/\/alessandrabortolussi.com\/it\/wp-json\/wp\/v2\/pages\/30369\/revisions\/31012"}],"wp:attachment":[{"href":"http:\/\/alessandrabortolussi.com\/it\/wp-json\/wp\/v2\/media?parent=30369"}],"curies":[{"name":"wp","href":"https:\/\/api.w.org\/{rel}","templated":true}]}}