{"id":30040,"date":"2020-09-23T15:28:25","date_gmt":"2020-09-23T15:28:25","guid":{"rendered":"http:\/\/alessandrabortolussi.com\/?page_id=30040"},"modified":"2020-09-30T10:44:13","modified_gmt":"2020-09-30T10:44:13","slug":"the-collective-leadership-assessment","status":"publish","type":"page","link":"http:\/\/alessandrabortolussi.com\/it\/corporate\/the-collective-leadership-assessment\/","title":{"rendered":"The Collective Leadership Assessment"},"content":{"rendered":"<p>[et_pb_section fb_built=&#8221;1&#8243; _builder_version=&#8221;4.6.5&#8243; _module_preset=&#8221;default&#8221; custom_padding=&#8221;30px||20px||false|false&#8221; hover_enabled=&#8221;0&#8243; custom_padding_last_edited=&#8221;on|tablet&#8221; custom_padding_phone=&#8221;30px||0px||false|false&#8221; sticky_enabled=&#8221;0&#8243; custom_padding_tablet=&#8221;||0px||false|false&#8221;][et_pb_row _builder_version=&#8221;4.6.0&#8243; _module_preset=&#8221;default&#8221;][et_pb_column type=&#8221;4_4&#8243; _builder_version=&#8221;4.6.0&#8243; _module_preset=&#8221;default&#8221;][et_pb_text _builder_version=&#8221;4.6.5&#8243; _module_preset=&#8221;default&#8221; width=&#8221;90%&#8221; width_tablet=&#8221;80%&#8221; width_phone=&#8221;100%&#8221; width_last_edited=&#8221;on|desktop&#8221;]<\/p>\n<h5>Corporate Leadership<\/h5>\n<h1>The Collective <span class=\"diff-font\">Leadership Assessment\u2122<\/span><\/h1>\n<p>[\/et_pb_text][et_pb_text _builder_version=&#8221;4.6.0&#8243; _module_preset=&#8221;default&#8221; width=&#8221;65%&#8221; width_tablet=&#8221;100%&#8221; width_phone=&#8221;100%&#8221; width_last_edited=&#8221;on|desktop&#8221; locked=&#8221;off&#8221;]<\/p>\n<p>Il Collective Leadership Assessment \u2122 consegna una potente cartina di tornasole della efficacia della leadership. Applicato all\u2019intera organizzazione, o solo alla leadership, il CLA rivela informazioni di valore: fa sapere come le persone vedono l\u2019attuale cultura della leadership e la paragona all\u2019ottimale cultura che desiderano. <\/p>\n<p>[\/et_pb_text][\/et_pb_column][\/et_pb_row][et_pb_row _builder_version=&#8221;4.6.0&#8243; _module_preset=&#8221;default&#8221;][et_pb_column type=&#8221;4_4&#8243; _builder_version=&#8221;4.6.0&#8243; _module_preset=&#8221;default&#8221;][et_pb_image src=&#8221;http:\/\/alessandrabortolussi.com\/wp-content\/uploads\/2020\/09\/DSCF8162.jpg&#8221; alt=&#8221;The Collective Leadership Assessment&#8221; title_text=&#8221;The Collective Leadership Assessment&#8221; _builder_version=&#8221;4.6.0&#8243; _module_preset=&#8221;default&#8221;][\/et_pb_image][\/et_pb_column][\/et_pb_row][\/et_pb_section][et_pb_section fb_built=&#8221;1&#8243; _builder_version=&#8221;4.6.5&#8243; _module_preset=&#8221;default&#8221; custom_padding=&#8221;0px||0px||true|false&#8221;][et_pb_row _builder_version=&#8221;4.6.0&#8243; _module_preset=&#8221;default&#8221;][et_pb_column type=&#8221;4_4&#8243; _builder_version=&#8221;4.6.0&#8243; _module_preset=&#8221;default&#8221;][et_pb_text _builder_version=&#8221;4.6.5&#8243; _module_preset=&#8221;default&#8221; width_tablet=&#8221;&#8221; width_phone=&#8221;&#8221; width_last_edited=&#8221;on|phone&#8221;]<\/p>\n<h3> Il divario tra i dati che mostrano lo stato attuale e lo stato desiderato rivela istantaneamente le opportunit\u00e0 chiave per lo sviluppo collettivo della leadership.<\/h3>\n<p>[\/et_pb_text][et_pb_text _builder_version=&#8221;4.6.0&#8243; _module_preset=&#8221;default&#8221;]<\/p>\n<p> In aggiunta, il CLA misura come lo specifico CLA si paragona a quello di altre organizzazioni. <\/p>\n<p>[\/et_pb_text][\/et_pb_column][\/et_pb_row][et_pb_row column_structure=&#8221;1_2,1_2&#8243; _builder_version=&#8221;4.6.0&#8243; _module_preset=&#8221;default&#8221;][et_pb_column type=&#8221;1_2&#8243; _builder_version=&#8221;4.6.0&#8243; _module_preset=&#8221;default&#8221;][et_pb_text _builder_version=&#8221;4.6.0&#8243; _module_preset=&#8221;default&#8221;]<\/p>\n<p> Il Collective Leadership Assessment fornisce una visione conveniente, online e facile all\u2019utilizzo, della cultura influenzata dalla leadership. I risultati sono scaricabile per un accesso immediato. Il CLA fornisce la possibilit\u00e0 di scelta se valutare la leadership collettiva dell\u2019organizzazione, di una business unit o di in team specifico.<\/p>\n<p>[\/et_pb_text][\/et_pb_column][et_pb_column type=&#8221;1_2&#8243; _builder_version=&#8221;4.6.0&#8243; _module_preset=&#8221;default&#8221;][et_pb_text _builder_version=&#8221;4.6.0&#8243; _module_preset=&#8221;default&#8221;]<\/p>\n<p>Il Collective Leadership Assessment:<\/p>\n<p>[\/et_pb_text][et_pb_text module_class=&#8221;alt-list&#8221; _builder_version=&#8221;4.6.0&#8243; _module_preset=&#8221;default&#8221;]<\/p>\n<ul>\n<li>Determiner\u00e0 motivazioni convincenti per il cambiamento<\/li>\n<li>Dimostrer\u00e0 dove concentrare gli sforzi per lo sviluppo della leadership<\/li>\n<li>Delinea le sfide culturali associate ad acquisizioni, fusioni e piani di ristrutturazione<\/li>\n<li>Metter\u00e0 in relazione la leadership con produttivit\u00e0, profitti, fatturato e altre metriche di redditivit\u00e0.<\/li>\n<\/ul>\n<p>[\/et_pb_text][\/et_pb_column][\/et_pb_row][\/et_pb_section][et_pb_section fb_built=&#8221;1&#8243; _builder_version=&#8221;4.6.0&#8243; _module_preset=&#8221;default&#8221; global_module=&#8221;29976&#8243; saved_tabs=&#8221;all&#8221;][et_pb_row _builder_version=&#8221;4.6.0&#8243; _module_preset=&#8221;default&#8221;][et_pb_column type=&#8221;4_4&#8243; _builder_version=&#8221;4.6.0&#8243; _module_preset=&#8221;default&#8221;][et_pb_cta button_url=&#8221;https:\/\/go.oncehub.com\/Intro30mins&#8221; url_new_window=&#8221;on&#8221; button_text=&#8221;Prenota&#8221; _builder_version=&#8221;4.6.0&#8243; _module_preset=&#8221;default&#8221; body_font_size=&#8221;36px&#8221; background_color=&#8221;#ffffff&#8221; button_alignment=&#8221;right&#8221; text_orientation=&#8221;left&#8221; background_layout=&#8221;light&#8221;]<\/p>\n<p>Prenota una <span class=\"title-text\">Call Gratuita<\/span><\/p>\n<p>[\/et_pb_cta][\/et_pb_column][\/et_pb_row][\/et_pb_section][et_pb_section fb_built=&#8221;1&#8243; _builder_version=&#8221;4.6.5&#8243; _module_preset=&#8221;default&#8221; min_height_last_edited=&#8221;on|phone&#8221; custom_margin=&#8221;0px|0px|0px|0px|true|true&#8221; custom_padding=&#8221;0px|0px|0px|0px|true|true&#8221; background_last_edited=&#8221;on|phone&#8221; global_module=&#8221;29992&#8243; saved_tabs=&#8221;all&#8221;][et_pb_row _builder_version=&#8221;4.6.0&#8243; _module_preset=&#8221;default&#8221; width=&#8221;100%&#8221; max_width=&#8221;2560px&#8221; custom_margin=&#8221;0px|0px|0px|0px|true|true&#8221; custom_padding=&#8221;0px|0px|0px|0px|true|true&#8221;][et_pb_column type=&#8221;4_4&#8243; _builder_version=&#8221;4.6.0&#8243; _module_preset=&#8221;default&#8221;][et_pb_image src=&#8221;http:\/\/alessandrabortolussi.com\/wp-content\/uploads\/2020\/09\/img-pre_footer.jpg&#8221; title_text=&#8221;img-pre_footer&#8221; align=&#8221;center&#8221; force_fullwidth=&#8221;on&#8221; src_tablet=&#8221;&#8221; src_phone=&#8221;&#8221; src_last_edited=&#8221;on|phone&#8221; _builder_version=&#8221;4.6.5&#8243; _module_preset=&#8221;default&#8221; min_height_tablet=&#8221;&#8221; min_height_phone=&#8221;&#8221; min_height_last_edited=&#8221;on|phone&#8221;][\/et_pb_image][\/et_pb_column][\/et_pb_row][\/et_pb_section]<\/p>\n","protected":false},"excerpt":{"rendered":"<p>Corporate Leadership The Collective Leadership Assessment\u2122Il Collective Leadership Assessment \u2122 consegna una potente cartina di tornasole della efficacia della leadership. Applicato all\u2019intera organizzazione, o solo alla leadership, il CLA rivela informazioni di valore: fa sapere come le persone vedono l\u2019attuale cultura della leadership e la paragona all\u2019ottimale cultura che desiderano. Il divario tra i dati [&hellip;]<\/p>\n","protected":false},"author":1,"featured_media":0,"parent":29994,"menu_order":0,"comment_status":"closed","ping_status":"closed","template":"","meta":{"_et_pb_use_builder":"on","_et_pb_old_content":"","_et_gb_content_width":"","footnotes":""},"class_list":["post-30040","page","type-page","status-publish","hentry"],"yoast_head":"<!-- This site is optimized with the Yoast SEO plugin v25.9 - https:\/\/yoast.com\/wordpress\/plugins\/seo\/ -->\n<title>The Collective Leadership Assessment - Alessandra Bortolussi<\/title>\n<meta name=\"robots\" content=\"index, follow, max-snippet:-1, max-image-preview:large, max-video-preview:-1\" \/>\n<link rel=\"canonical\" href=\"http:\/\/alessandrabortolussi.com\/it\/corporate\/the-collective-leadership-assessment\/\" \/>\n<meta property=\"og:locale\" content=\"it_IT\" \/>\n<meta property=\"og:type\" content=\"article\" \/>\n<meta property=\"og:title\" content=\"The Collective Leadership Assessment - Alessandra Bortolussi\" \/>\n<meta property=\"og:description\" content=\"Corporate Leadership The Collective Leadership Assessment\u2122Il Collective Leadership Assessment \u2122 consegna una potente cartina di tornasole della efficacia della leadership. Applicato all\u2019intera organizzazione, o solo alla leadership, il CLA rivela informazioni di valore: fa sapere come le persone vedono l\u2019attuale cultura della leadership e la paragona all\u2019ottimale cultura che desiderano. Il divario tra i dati [&hellip;]\" \/>\n<meta property=\"og:url\" content=\"http:\/\/alessandrabortolussi.com\/it\/corporate\/the-collective-leadership-assessment\/\" \/>\n<meta property=\"og:site_name\" content=\"Alessandra Bortolussi\" \/>\n<meta property=\"article:modified_time\" content=\"2020-09-30T10:44:13+00:00\" \/>\n<meta name=\"twitter:card\" content=\"summary_large_image\" \/>\n<meta name=\"twitter:label1\" content=\"Tempo di lettura stimato\" \/>\n\t<meta name=\"twitter:data1\" content=\"4 minuti\" \/>\n<script type=\"application\/ld+json\" class=\"yoast-schema-graph\">{\"@context\":\"https:\/\/schema.org\",\"@graph\":[{\"@type\":\"WebPage\",\"@id\":\"http:\/\/alessandrabortolussi.com\/it\/corporate\/the-collective-leadership-assessment\/\",\"url\":\"http:\/\/alessandrabortolussi.com\/it\/corporate\/the-collective-leadership-assessment\/\",\"name\":\"The Collective Leadership Assessment - Alessandra Bortolussi\",\"isPartOf\":{\"@id\":\"http:\/\/alessandrabortolussi.com\/#website\"},\"datePublished\":\"2020-09-23T15:28:25+00:00\",\"dateModified\":\"2020-09-30T10:44:13+00:00\",\"breadcrumb\":{\"@id\":\"http:\/\/alessandrabortolussi.com\/it\/corporate\/the-collective-leadership-assessment\/#breadcrumb\"},\"inLanguage\":\"it-IT\",\"potentialAction\":[{\"@type\":\"ReadAction\",\"target\":[\"http:\/\/alessandrabortolussi.com\/it\/corporate\/the-collective-leadership-assessment\/\"]}]},{\"@type\":\"BreadcrumbList\",\"@id\":\"http:\/\/alessandrabortolussi.com\/it\/corporate\/the-collective-leadership-assessment\/#breadcrumb\",\"itemListElement\":[{\"@type\":\"ListItem\",\"position\":1,\"name\":\"Home\",\"item\":\"http:\/\/alessandrabortolussi.com\/it\/\"},{\"@type\":\"ListItem\",\"position\":2,\"name\":\"Corporate\",\"item\":\"http:\/\/alessandrabortolussi.com\/it\/corporate\/\"},{\"@type\":\"ListItem\",\"position\":3,\"name\":\"The Collective Leadership Assessment\"}]},{\"@type\":\"WebSite\",\"@id\":\"http:\/\/alessandrabortolussi.com\/#website\",\"url\":\"http:\/\/alessandrabortolussi.com\/\",\"name\":\"Alessandra Bortolussi\",\"description\":\"Executive Coaching and Leadership Development\",\"publisher\":{\"@id\":\"http:\/\/alessandrabortolussi.com\/#organization\"},\"potentialAction\":[{\"@type\":\"SearchAction\",\"target\":{\"@type\":\"EntryPoint\",\"urlTemplate\":\"http:\/\/alessandrabortolussi.com\/?s={search_term_string}\"},\"query-input\":{\"@type\":\"PropertyValueSpecification\",\"valueRequired\":true,\"valueName\":\"search_term_string\"}}],\"inLanguage\":\"it-IT\"},{\"@type\":\"Organization\",\"@id\":\"http:\/\/alessandrabortolussi.com\/#organization\",\"name\":\"Alessandra Bortolussi\",\"url\":\"http:\/\/alessandrabortolussi.com\/\",\"logo\":{\"@type\":\"ImageObject\",\"inLanguage\":\"it-IT\",\"@id\":\"http:\/\/alessandrabortolussi.com\/#\/schema\/logo\/image\/\",\"url\":\"http:\/\/alessandrabortolussi.com\/wp-content\/uploads\/2020\/09\/alessandra_bortolussi_small.png\",\"contentUrl\":\"http:\/\/alessandrabortolussi.com\/wp-content\/uploads\/2020\/09\/alessandra_bortolussi_small.png\",\"width\":950,\"height\":112,\"caption\":\"Alessandra Bortolussi\"},\"image\":{\"@id\":\"http:\/\/alessandrabortolussi.com\/#\/schema\/logo\/image\/\"},\"sameAs\":[\"https:\/\/www.linkedin.com\/in\/alessandrabortolussi\/\"]}]}<\/script>\n<!-- \/ Yoast SEO plugin. -->","yoast_head_json":{"title":"The Collective Leadership Assessment - Alessandra Bortolussi","robots":{"index":"index","follow":"follow","max-snippet":"max-snippet:-1","max-image-preview":"max-image-preview:large","max-video-preview":"max-video-preview:-1"},"canonical":"http:\/\/alessandrabortolussi.com\/it\/corporate\/the-collective-leadership-assessment\/","og_locale":"it_IT","og_type":"article","og_title":"The Collective Leadership Assessment - Alessandra Bortolussi","og_description":"Corporate Leadership The Collective Leadership Assessment\u2122Il Collective Leadership Assessment \u2122 consegna una potente cartina di tornasole della efficacia della leadership. Applicato all\u2019intera organizzazione, o solo alla leadership, il CLA rivela informazioni di valore: fa sapere come le persone vedono l\u2019attuale cultura della leadership e la paragona all\u2019ottimale cultura che desiderano. Il divario tra i dati [&hellip;]","og_url":"http:\/\/alessandrabortolussi.com\/it\/corporate\/the-collective-leadership-assessment\/","og_site_name":"Alessandra Bortolussi","article_modified_time":"2020-09-30T10:44:13+00:00","twitter_card":"summary_large_image","twitter_misc":{"Tempo di lettura stimato":"4 minuti"},"schema":{"@context":"https:\/\/schema.org","@graph":[{"@type":"WebPage","@id":"http:\/\/alessandrabortolussi.com\/it\/corporate\/the-collective-leadership-assessment\/","url":"http:\/\/alessandrabortolussi.com\/it\/corporate\/the-collective-leadership-assessment\/","name":"The Collective Leadership Assessment - Alessandra Bortolussi","isPartOf":{"@id":"http:\/\/alessandrabortolussi.com\/#website"},"datePublished":"2020-09-23T15:28:25+00:00","dateModified":"2020-09-30T10:44:13+00:00","breadcrumb":{"@id":"http:\/\/alessandrabortolussi.com\/it\/corporate\/the-collective-leadership-assessment\/#breadcrumb"},"inLanguage":"it-IT","potentialAction":[{"@type":"ReadAction","target":["http:\/\/alessandrabortolussi.com\/it\/corporate\/the-collective-leadership-assessment\/"]}]},{"@type":"BreadcrumbList","@id":"http:\/\/alessandrabortolussi.com\/it\/corporate\/the-collective-leadership-assessment\/#breadcrumb","itemListElement":[{"@type":"ListItem","position":1,"name":"Home","item":"http:\/\/alessandrabortolussi.com\/it\/"},{"@type":"ListItem","position":2,"name":"Corporate","item":"http:\/\/alessandrabortolussi.com\/it\/corporate\/"},{"@type":"ListItem","position":3,"name":"The Collective Leadership Assessment"}]},{"@type":"WebSite","@id":"http:\/\/alessandrabortolussi.com\/#website","url":"http:\/\/alessandrabortolussi.com\/","name":"Alessandra Bortolussi","description":"Executive Coaching and Leadership Development","publisher":{"@id":"http:\/\/alessandrabortolussi.com\/#organization"},"potentialAction":[{"@type":"SearchAction","target":{"@type":"EntryPoint","urlTemplate":"http:\/\/alessandrabortolussi.com\/?s={search_term_string}"},"query-input":{"@type":"PropertyValueSpecification","valueRequired":true,"valueName":"search_term_string"}}],"inLanguage":"it-IT"},{"@type":"Organization","@id":"http:\/\/alessandrabortolussi.com\/#organization","name":"Alessandra Bortolussi","url":"http:\/\/alessandrabortolussi.com\/","logo":{"@type":"ImageObject","inLanguage":"it-IT","@id":"http:\/\/alessandrabortolussi.com\/#\/schema\/logo\/image\/","url":"http:\/\/alessandrabortolussi.com\/wp-content\/uploads\/2020\/09\/alessandra_bortolussi_small.png","contentUrl":"http:\/\/alessandrabortolussi.com\/wp-content\/uploads\/2020\/09\/alessandra_bortolussi_small.png","width":950,"height":112,"caption":"Alessandra Bortolussi"},"image":{"@id":"http:\/\/alessandrabortolussi.com\/#\/schema\/logo\/image\/"},"sameAs":["https:\/\/www.linkedin.com\/in\/alessandrabortolussi\/"]}]}},"_links":{"self":[{"href":"http:\/\/alessandrabortolussi.com\/it\/wp-json\/wp\/v2\/pages\/30040","targetHints":{"allow":["GET"]}}],"collection":[{"href":"http:\/\/alessandrabortolussi.com\/it\/wp-json\/wp\/v2\/pages"}],"about":[{"href":"http:\/\/alessandrabortolussi.com\/it\/wp-json\/wp\/v2\/types\/page"}],"author":[{"embeddable":true,"href":"http:\/\/alessandrabortolussi.com\/it\/wp-json\/wp\/v2\/users\/1"}],"replies":[{"embeddable":true,"href":"http:\/\/alessandrabortolussi.com\/it\/wp-json\/wp\/v2\/comments?post=30040"}],"version-history":[{"count":2,"href":"http:\/\/alessandrabortolussi.com\/it\/wp-json\/wp\/v2\/pages\/30040\/revisions"}],"predecessor-version":[{"id":30328,"href":"http:\/\/alessandrabortolussi.com\/it\/wp-json\/wp\/v2\/pages\/30040\/revisions\/30328"}],"up":[{"embeddable":true,"href":"http:\/\/alessandrabortolussi.com\/it\/wp-json\/wp\/v2\/pages\/29994"}],"wp:attachment":[{"href":"http:\/\/alessandrabortolussi.com\/it\/wp-json\/wp\/v2\/media?parent=30040"}],"curies":[{"name":"wp","href":"https:\/\/api.w.org\/{rel}","templated":true}]}}