{"id":29984,"date":"2020-09-22T08:48:54","date_gmt":"2020-09-22T08:48:54","guid":{"rendered":"http:\/\/alessandrabortolussi.com\/?page_id=29984"},"modified":"2020-09-30T10:27:26","modified_gmt":"2020-09-30T10:27:26","slug":"chi-sono","status":"publish","type":"page","link":"http:\/\/alessandrabortolussi.com\/it\/chi-sono\/","title":{"rendered":"Chi sono"},"content":{"rendered":"<p>[et_pb_section fb_built=&#8221;1&#8243; _builder_version=&#8221;4.6.5&#8243; _module_preset=&#8221;default&#8221; hover_enabled=&#8221;0&#8243; custom_padding=&#8221;30px||0px||false|false&#8221; custom_padding_last_edited=&#8221;on|phone&#8221; sticky_enabled=&#8221;0&#8243;][et_pb_row _builder_version=&#8221;4.6.0&#8243; _module_preset=&#8221;default&#8221;][et_pb_column type=&#8221;4_4&#8243; _builder_version=&#8221;4.6.0&#8243; _module_preset=&#8221;default&#8221;][et_pb_text _builder_version=&#8221;4.6.5&#8243; _module_preset=&#8221;default&#8221; width=&#8221;60%&#8221; width_tablet=&#8221;100%&#8221; width_phone=&#8221;100%&#8221; width_last_edited=&#8221;on|phone&#8221;]<\/p>\n<h5>Chi sono<\/h5>\n<h1><span class=\"diff-font\">Creiamo insieme<\/span> i nuovi leader del futuro<\/h1>\n<p>[\/et_pb_text][et_pb_text _builder_version=&#8221;4.6.5&#8243; _module_preset=&#8221;default&#8221; width=&#8221;50%&#8221; width_tablet=&#8221;100%&#8221; width_phone=&#8221;100%&#8221; width_last_edited=&#8221;on|desktop&#8221;]<\/p>\n<p>Credo che ogni azienda possa far crescere leader consapevoli, che attraverso relazioni autentiche sappiano creare insieme un mondo migliore.<\/p>\n<p>[\/et_pb_text][\/et_pb_column][\/et_pb_row][et_pb_row _builder_version=&#8221;4.6.0&#8243; _module_preset=&#8221;default&#8221;][et_pb_column type=&#8221;4_4&#8243; _builder_version=&#8221;4.6.0&#8243; _module_preset=&#8221;default&#8221;][et_pb_image src=&#8221;http:\/\/alessandrabortolussi.com\/wp-content\/uploads\/2020\/09\/DSCF9854.jpg&#8221; alt=&#8221;Alessandra Bortolussi&#8221; title_text=&#8221;Alessandra Bortolussi&#8221; _builder_version=&#8221;4.6.0&#8243; _module_preset=&#8221;default&#8221;][\/et_pb_image][\/et_pb_column][\/et_pb_row][\/et_pb_section][et_pb_section fb_built=&#8221;1&#8243; _builder_version=&#8221;4.6.5&#8243; _module_preset=&#8221;default&#8221; hover_enabled=&#8221;0&#8243; custom_padding_last_edited=&#8221;on|phone&#8221; custom_padding_phone=&#8221;0px||0px||true|false&#8221; sticky_enabled=&#8221;0&#8243; custom_padding_tablet=&#8221;0px||0px||true|false&#8221;][et_pb_row _builder_version=&#8221;4.6.5&#8243; _module_preset=&#8221;default&#8221; hover_enabled=&#8221;0&#8243; custom_padding_last_edited=&#8221;on|tablet&#8221; custom_padding_phone=&#8221;||0px||false|false&#8221; sticky_enabled=&#8221;0&#8243; custom_padding_tablet=&#8221;||0px||false|false&#8221;][et_pb_column type=&#8221;4_4&#8243; _builder_version=&#8221;4.6.0&#8243; _module_preset=&#8221;default&#8221;][dsm_dual_heading before_text=&#8221;Manager &#8221; middle_text=&#8221;\/ &#8221; after_text=&#8221;Leader&#8221; _builder_version=&#8221;4.6.0&#8243; _module_preset=&#8221;default&#8221; header_font=&#8221;||||||||&#8221; header_font_size=&#8221;28px&#8221; before_font=&#8221;Poppins|200|||||||&#8221; after_text_color=&#8221;#f04c23&#8243; after_font_size=&#8221;30px&#8221;][\/dsm_dual_heading][\/et_pb_column][\/et_pb_row][et_pb_row column_structure=&#8221;1_2,1_2&#8243; _builder_version=&#8221;4.6.0&#8243; _module_preset=&#8221;default&#8221;][et_pb_column type=&#8221;1_2&#8243; _builder_version=&#8221;4.6.0&#8243; _module_preset=&#8221;default&#8221;][et_pb_text _builder_version=&#8221;4.6.5&#8243; _module_preset=&#8221;default&#8221;]<\/p>\n<p>Credo che i manager di ogni tipo di azienda abbiano tutti delle grandi responsabilit\u00e0.<\/p>\n<p>Da un lato devono portare risultati misurabili per la propria organizzazione (market shares, profitti, riduzione dei costi, ottimizzazione dei processi, ecc.), dall\u2019altro sanno che per ottenerli hanno bisogno delle persone che fanno parte del loro team.<\/p>\n<p>Essere manager \u00e8 una posizione, essere leader \u00e8 una competenza che tutti possono acquisire con lo studio, la pratica e la costanza.<\/p>\n<p><strong>\u00c8 una scelta fatta di relazioni, trasparenza, integrit\u00e0.<\/strong><\/p>\n<p>[\/et_pb_text][\/et_pb_column][et_pb_column type=&#8221;1_2&#8243; _builder_version=&#8221;4.6.0&#8243; _module_preset=&#8221;default&#8221;][et_pb_text _builder_version=&#8221;4.6.0&#8243; _module_preset=&#8221;default&#8221;]<\/p>\n<p>Troppo spesso nelle aziende grandi o piccole che siano, le relazioni non sono gestite, le comunicazioni affidate ad abitudini, talenti o simpatie.<br \/> Ma i successi non si ottengono correndo da soli.<\/p>\n<p>L\u2019ho capito con l\u2019esperienza diretta: vedendo i successi di una gestione basata sulla leadership, ed i fallimenti di chi guidava comandando senza essere seguito da nessuno.<\/p>\n<p>Ed \u00e8, forse, proprio per questo che \u00e8 diventato ancora pi\u00f9 importante mostrare come la leadership efficace abbia la capacit\u00e0 e il dovere di far crescere le persone e le aziende <em>contemporaneamente<\/em>.<\/p>\n<p>[\/et_pb_text][\/et_pb_column][\/et_pb_row][\/et_pb_section][et_pb_section fb_built=&#8221;1&#8243; _builder_version=&#8221;4.6.5&#8243; _module_preset=&#8221;default&#8221; hover_enabled=&#8221;0&#8243; custom_padding_last_edited=&#8221;on|tablet&#8221; custom_padding_phone=&#8221;20px||0px||false|false&#8221; sticky_enabled=&#8221;0&#8243; custom_padding_tablet=&#8221;20px||0px||false|false&#8221;][et_pb_row _builder_version=&#8221;4.6.5&#8243; _module_preset=&#8221;default&#8221; hover_enabled=&#8221;0&#8243; custom_padding=&#8221;||||false|false&#8221; custom_padding_last_edited=&#8221;on|tablet&#8221; sticky_enabled=&#8221;0&#8243; custom_padding_phone=&#8221;||0px||false|false&#8221; custom_padding_tablet=&#8221;||0px||false|false&#8221;][et_pb_column type=&#8221;4_4&#8243; _builder_version=&#8221;4.6.0&#8243; _module_preset=&#8221;default&#8221;][dsm_dual_heading before_text=&#8221;Business&#8221; middle_text=&#8221;\/ &#8221; after_text=&#8221;Persone&#8221; _builder_version=&#8221;4.6.0&#8243; _module_preset=&#8221;default&#8221; header_font=&#8221;||||||||&#8221; header_font_size=&#8221;28px&#8221; before_font=&#8221;Poppins|200|||||||&#8221; after_text_color=&#8221;#f04c23&#8243; after_font_size=&#8221;30px&#8221;][\/dsm_dual_heading][\/et_pb_column][\/et_pb_row][et_pb_row column_structure=&#8221;1_2,1_2&#8243; _builder_version=&#8221;4.6.0&#8243; _module_preset=&#8221;default&#8221;][et_pb_column type=&#8221;1_2&#8243; _builder_version=&#8221;4.6.0&#8243; _module_preset=&#8221;default&#8221;][et_pb_text _builder_version=&#8221;4.6.0&#8243; _module_preset=&#8221;default&#8221;]<\/p>\n<p>Credo in un mondo in cui le aziende hanno capito che crescere leader consapevoli \u00e8 un valore e una necessit\u00e0 per sopravvivere in un mercato sempre pi\u00f9 complesso e volatile.<\/p>\n<p>Un mondo che ho sperimentato di persona in oltre 20 anni di lavoro nella realt\u00e0 corporate.<\/p>\n<p>Ed \u00e8 questa profonda esperienza che mi ha fatto provare sulla mia pelle e vedere direttamente i risultati che ottengono progetti molto complessi e delicati di <em>organizational transformation<\/em> quando si ascoltano e coinvolgono le persone.<\/p>\n<p>[\/et_pb_text][\/et_pb_column][et_pb_column type=&#8221;1_2&#8243; _builder_version=&#8221;4.6.0&#8243; _module_preset=&#8221;default&#8221;][et_pb_text _builder_version=&#8221;4.6.0&#8243; _module_preset=&#8221;default&#8221;]<\/p>\n<p>Risultati che si traducono in <strong>crescita del team, innovazione, aumento della produttivit\u00e0 e riduzione di assenteismo e turnover<\/strong>.<br \/> Tutti fattori ormai imprescindibili per il successo di un\u2019azienda.<br \/> Di qualsiasi azienda.<\/p>\n<p>In questo momento di rivoluzione del business, ogni imprenditore, executive e manager sa quanto \u00e8 importante investire su se stesso e sulla propria leadership, ma scegliere il giusto percorso \u00e8 pi\u00f9 difficile che mai.<\/p>\n<p>Ecco perch\u00e9 \u00e8 necessario affidarsi al partner giusto.<\/p>\n<p>[\/et_pb_text][\/et_pb_column][\/et_pb_row][\/et_pb_section][et_pb_section fb_built=&#8221;1&#8243; _builder_version=&#8221;4.6.5&#8243; _module_preset=&#8221;default&#8221; hover_enabled=&#8221;0&#8243; custom_padding_last_edited=&#8221;on|tablet&#8221; custom_padding_phone=&#8221;20px||0px||false|false&#8221; sticky_enabled=&#8221;0&#8243; custom_padding_tablet=&#8221;20px||0px||false|false&#8221;][et_pb_row _builder_version=&#8221;4.6.5&#8243; _module_preset=&#8221;default&#8221; hover_enabled=&#8221;0&#8243; custom_padding_last_edited=&#8221;on|tablet&#8221; custom_padding_phone=&#8221;||0px||false|false&#8221; sticky_enabled=&#8221;0&#8243; custom_padding_tablet=&#8221;||0px||false|false&#8221;][et_pb_column type=&#8221;4_4&#8243; _builder_version=&#8221;4.6.0&#8243; _module_preset=&#8221;default&#8221;][dsm_dual_heading before_text=&#8221;Vita&#8221; middle_text=&#8221;\/ &#8221; after_text=&#8221;Formazione&#8221; _builder_version=&#8221;4.6.0&#8243; _module_preset=&#8221;default&#8221; header_font=&#8221;||||||||&#8221; header_font_size=&#8221;28px&#8221; before_font=&#8221;Poppins|200|||||||&#8221; after_text_color=&#8221;#f04c23&#8243; after_font_size=&#8221;30px&#8221;][\/dsm_dual_heading][\/et_pb_column][\/et_pb_row][et_pb_row column_structure=&#8221;1_2,1_2&#8243; _builder_version=&#8221;4.6.5&#8243; _module_preset=&#8221;default&#8221;][et_pb_column type=&#8221;1_2&#8243; _builder_version=&#8221;4.6.0&#8243; _module_preset=&#8221;default&#8221;][et_pb_text _builder_version=&#8221;4.6.0&#8243; _module_preset=&#8221;default&#8221;]<\/p>\n<p>Sono cresciuta in una multinazionale.<br \/> Ogni anno, per non dire ogni trimestre (!), le sfide erano pi\u00f9 grandi, gli obiettivi pi\u00f9 ambiziosi e i team dislocati in diversi Paesi.<\/p>\n<p>Come tutti i manager capivo che senza il coinvolgimento delle persone nessun grande cambiamento aziendale poteva essere realizzato davvero.<\/p>\n<p> Ma come bilanciare relazioni oneste e non superficiali con budget e scadenze a livello corporate?<\/p>\n<p>Nel lavoro di ogni giorno sperimentavo e affinavo la realizzazione di progetti internazionali, conciliando culture e abitudini diverse, gestendo delicati rapporti manager-dipendenti.<\/p>\n<p>[\/et_pb_text][\/et_pb_column][et_pb_column type=&#8221;1_2&#8243; _builder_version=&#8221;4.6.0&#8243; _module_preset=&#8221;default&#8221;][et_pb_text _builder_version=&#8221;4.6.0&#8243; _module_preset=&#8221;default&#8221;]<\/p>\n<p>Chi deve portare risultati misurabili sa bene come in azienda sono i numeri a parlare. Per questo ho scelto di certificarmi Lean Six Sigma Black Belt e portare ancora pi\u00f9 avanti i concetti e gli strumenti propri del miglioramento continuo, dell\u2019analisi dei dati e della gestione standardizzata dei processi.<\/p>\n<p>Ma avere i colori giusti a portata di mano, non significa ancora saper dipingere.<br \/> La tavolozza che mi ha permesso di mescolare tutte le diverse sfumature \u00e8 stata lo studio del Co-Active Coaching e del Leadership Circle: strumenti riconosciuti e certificati che \u201cmettono a terra\u201d un percorso di coaching e di leadership fatto di esperienze sul campo, con le persone, di insuccessi e di successi e di comunicazione.<br \/> Soprattutto di comunicazione.<\/p>\n<p><strong>\u00c8 perch\u00e9 credo che i buoni leader in azienda cambieranno il mondo<\/strong>, che ho deciso di iniziare questa attivit\u00e0.<\/p>\n<p>[\/et_pb_text][\/et_pb_column][\/et_pb_row][\/et_pb_section][et_pb_section fb_built=&#8221;1&#8243; _builder_version=&#8221;4.6.0&#8243; _module_preset=&#8221;default&#8221; global_module=&#8221;29976&#8243; saved_tabs=&#8221;all&#8221;][et_pb_row _builder_version=&#8221;4.6.0&#8243; _module_preset=&#8221;default&#8221;][et_pb_column type=&#8221;4_4&#8243; _builder_version=&#8221;4.6.0&#8243; _module_preset=&#8221;default&#8221;][et_pb_cta button_url=&#8221;https:\/\/go.oncehub.com\/Intro30mins&#8221; url_new_window=&#8221;on&#8221; button_text=&#8221;Prenota&#8221; _builder_version=&#8221;4.6.0&#8243; _module_preset=&#8221;default&#8221; body_font_size=&#8221;36px&#8221; background_color=&#8221;#ffffff&#8221; button_alignment=&#8221;right&#8221; text_orientation=&#8221;left&#8221; background_layout=&#8221;light&#8221;]<\/p>\n<p>Prenota una <span class=\"title-text\">Call Gratuita<\/span><\/p>\n<p>[\/et_pb_cta][\/et_pb_column][\/et_pb_row][\/et_pb_section][et_pb_section fb_built=&#8221;1&#8243; _builder_version=&#8221;4.6.5&#8243; _module_preset=&#8221;default&#8221; custom_margin=&#8221;0px|0px|0px|0px|true|true&#8221; custom_padding=&#8221;0px|0px|0px|0px|true|true&#8221; hover_enabled=&#8221;0&#8243; global_module=&#8221;29992&#8243; saved_tabs=&#8221;all&#8221; min_height_last_edited=&#8221;on|phone&#8221; min_height_phone=&#8221;&#8221; background_last_edited=&#8221;on|phone&#8221; sticky_enabled=&#8221;0&#8243;][et_pb_row _builder_version=&#8221;4.6.0&#8243; _module_preset=&#8221;default&#8221; width=&#8221;100%&#8221; max_width=&#8221;2560px&#8221; custom_margin=&#8221;0px|0px|0px|0px|true|true&#8221; custom_padding=&#8221;0px|0px|0px|0px|true|true&#8221;][et_pb_column type=&#8221;4_4&#8243; _builder_version=&#8221;4.6.0&#8243; _module_preset=&#8221;default&#8221;][et_pb_image src=&#8221;http:\/\/alessandrabortolussi.com\/wp-content\/uploads\/2020\/09\/img-pre_footer.jpg&#8221; title_text=&#8221;img-pre_footer&#8221; align=&#8221;center&#8221; force_fullwidth=&#8221;on&#8221; _builder_version=&#8221;4.6.5&#8243; _module_preset=&#8221;default&#8221; hover_enabled=&#8221;0&#8243; src_last_edited=&#8221;on|phone&#8221; min_height_last_edited=&#8221;on|phone&#8221; min_height_phone=&#8221;&#8221; sticky_enabled=&#8221;0&#8243;][\/et_pb_image][\/et_pb_column][\/et_pb_row][\/et_pb_section]<\/p>\n","protected":false},"excerpt":{"rendered":"<p>Chi sono Creiamo insieme i nuovi leader del futuroCredo che ogni azienda possa far crescere leader consapevoli, che attraverso relazioni autentiche sappiano creare insieme un mondo migliore.<div class=\"et_pb_module dsm_dual_heading dsm_dual_heading_0  et_pb_bg_layout_light\">\n\t\t\t\t\n\t\t\t\t\n\t\t\t\t\n\t\t\t\t\n\t\t\t\t<div class=\"et_pb_module_inner\">\n\t\t\t\t\t<h2 class=\"dsm-dual-heading-main et_pb_module_header\"><span class=\"dsm-dual-heading-before\">Manager <\/span><span class=\"dsm-dual-heading-middle\">\/ <\/span><span class=\"dsm-dual-heading-after\">Leader<\/span><\/h2>\n\t\t\t\t<\/div>\n\t\t\t<\/div>Credo che i manager di ogni tipo di azienda abbiano tutti delle grandi responsabilit\u00e0. Da un lato [&hellip;]<\/p>\n","protected":false},"author":1,"featured_media":0,"parent":0,"menu_order":0,"comment_status":"closed","ping_status":"closed","template":"","meta":{"_et_pb_use_builder":"on","_et_pb_old_content":"","_et_gb_content_width":"","footnotes":""},"class_list":["post-29984","page","type-page","status-publish","hentry"],"yoast_head":"<!-- This site is optimized with the Yoast SEO plugin v25.9 - https:\/\/yoast.com\/wordpress\/plugins\/seo\/ -->\n<title>Chi sono - Alessandra Bortolussi<\/title>\n<meta name=\"robots\" content=\"index, follow, max-snippet:-1, max-image-preview:large, max-video-preview:-1\" \/>\n<link rel=\"canonical\" href=\"http:\/\/alessandrabortolussi.com\/it\/chi-sono\/\" \/>\n<meta property=\"og:locale\" content=\"it_IT\" \/>\n<meta property=\"og:type\" content=\"article\" \/>\n<meta property=\"og:title\" content=\"Chi sono - Alessandra Bortolussi\" \/>\n<meta property=\"og:description\" content=\"Chi sono Creiamo insieme i nuovi leader del futuroCredo che ogni azienda possa far crescere leader consapevoli, che attraverso relazioni autentiche sappiano creare insieme un mondo migliore.Credo che i manager di ogni tipo di azienda abbiano tutti delle grandi responsabilit\u00e0. Da un lato [&hellip;]\" \/>\n<meta property=\"og:url\" content=\"http:\/\/alessandrabortolussi.com\/it\/chi-sono\/\" \/>\n<meta property=\"og:site_name\" content=\"Alessandra Bortolussi\" \/>\n<meta property=\"article:modified_time\" content=\"2020-09-30T10:27:26+00:00\" \/>\n<meta name=\"twitter:card\" content=\"summary_large_image\" \/>\n<meta name=\"twitter:label1\" content=\"Tempo di lettura stimato\" \/>\n\t<meta name=\"twitter:data1\" content=\"7 minuti\" \/>\n<script type=\"application\/ld+json\" class=\"yoast-schema-graph\">{\"@context\":\"https:\/\/schema.org\",\"@graph\":[{\"@type\":\"WebPage\",\"@id\":\"http:\/\/alessandrabortolussi.com\/it\/chi-sono\/\",\"url\":\"http:\/\/alessandrabortolussi.com\/it\/chi-sono\/\",\"name\":\"Chi sono - Alessandra Bortolussi\",\"isPartOf\":{\"@id\":\"http:\/\/alessandrabortolussi.com\/#website\"},\"datePublished\":\"2020-09-22T08:48:54+00:00\",\"dateModified\":\"2020-09-30T10:27:26+00:00\",\"breadcrumb\":{\"@id\":\"http:\/\/alessandrabortolussi.com\/it\/chi-sono\/#breadcrumb\"},\"inLanguage\":\"it-IT\",\"potentialAction\":[{\"@type\":\"ReadAction\",\"target\":[\"http:\/\/alessandrabortolussi.com\/it\/chi-sono\/\"]}]},{\"@type\":\"BreadcrumbList\",\"@id\":\"http:\/\/alessandrabortolussi.com\/it\/chi-sono\/#breadcrumb\",\"itemListElement\":[{\"@type\":\"ListItem\",\"position\":1,\"name\":\"Home\",\"item\":\"http:\/\/alessandrabortolussi.com\/it\/\"},{\"@type\":\"ListItem\",\"position\":2,\"name\":\"Chi sono\"}]},{\"@type\":\"WebSite\",\"@id\":\"http:\/\/alessandrabortolussi.com\/#website\",\"url\":\"http:\/\/alessandrabortolussi.com\/\",\"name\":\"Alessandra Bortolussi\",\"description\":\"Executive Coaching and Leadership Development\",\"publisher\":{\"@id\":\"http:\/\/alessandrabortolussi.com\/#organization\"},\"potentialAction\":[{\"@type\":\"SearchAction\",\"target\":{\"@type\":\"EntryPoint\",\"urlTemplate\":\"http:\/\/alessandrabortolussi.com\/?s={search_term_string}\"},\"query-input\":{\"@type\":\"PropertyValueSpecification\",\"valueRequired\":true,\"valueName\":\"search_term_string\"}}],\"inLanguage\":\"it-IT\"},{\"@type\":\"Organization\",\"@id\":\"http:\/\/alessandrabortolussi.com\/#organization\",\"name\":\"Alessandra Bortolussi\",\"url\":\"http:\/\/alessandrabortolussi.com\/\",\"logo\":{\"@type\":\"ImageObject\",\"inLanguage\":\"it-IT\",\"@id\":\"http:\/\/alessandrabortolussi.com\/#\/schema\/logo\/image\/\",\"url\":\"http:\/\/alessandrabortolussi.com\/wp-content\/uploads\/2020\/09\/alessandra_bortolussi_small.png\",\"contentUrl\":\"http:\/\/alessandrabortolussi.com\/wp-content\/uploads\/2020\/09\/alessandra_bortolussi_small.png\",\"width\":950,\"height\":112,\"caption\":\"Alessandra Bortolussi\"},\"image\":{\"@id\":\"http:\/\/alessandrabortolussi.com\/#\/schema\/logo\/image\/\"},\"sameAs\":[\"https:\/\/www.linkedin.com\/in\/alessandrabortolussi\/\"]}]}<\/script>\n<!-- \/ Yoast SEO plugin. -->","yoast_head_json":{"title":"Chi sono - Alessandra Bortolussi","robots":{"index":"index","follow":"follow","max-snippet":"max-snippet:-1","max-image-preview":"max-image-preview:large","max-video-preview":"max-video-preview:-1"},"canonical":"http:\/\/alessandrabortolussi.com\/it\/chi-sono\/","og_locale":"it_IT","og_type":"article","og_title":"Chi sono - Alessandra Bortolussi","og_description":"Chi sono Creiamo insieme i nuovi leader del futuroCredo che ogni azienda possa far crescere leader consapevoli, che attraverso relazioni autentiche sappiano creare insieme un mondo migliore.Credo che i manager di ogni tipo di azienda abbiano tutti delle grandi responsabilit\u00e0. Da un lato [&hellip;]","og_url":"http:\/\/alessandrabortolussi.com\/it\/chi-sono\/","og_site_name":"Alessandra Bortolussi","article_modified_time":"2020-09-30T10:27:26+00:00","twitter_card":"summary_large_image","twitter_misc":{"Tempo di lettura stimato":"7 minuti"},"schema":{"@context":"https:\/\/schema.org","@graph":[{"@type":"WebPage","@id":"http:\/\/alessandrabortolussi.com\/it\/chi-sono\/","url":"http:\/\/alessandrabortolussi.com\/it\/chi-sono\/","name":"Chi sono - Alessandra Bortolussi","isPartOf":{"@id":"http:\/\/alessandrabortolussi.com\/#website"},"datePublished":"2020-09-22T08:48:54+00:00","dateModified":"2020-09-30T10:27:26+00:00","breadcrumb":{"@id":"http:\/\/alessandrabortolussi.com\/it\/chi-sono\/#breadcrumb"},"inLanguage":"it-IT","potentialAction":[{"@type":"ReadAction","target":["http:\/\/alessandrabortolussi.com\/it\/chi-sono\/"]}]},{"@type":"BreadcrumbList","@id":"http:\/\/alessandrabortolussi.com\/it\/chi-sono\/#breadcrumb","itemListElement":[{"@type":"ListItem","position":1,"name":"Home","item":"http:\/\/alessandrabortolussi.com\/it\/"},{"@type":"ListItem","position":2,"name":"Chi sono"}]},{"@type":"WebSite","@id":"http:\/\/alessandrabortolussi.com\/#website","url":"http:\/\/alessandrabortolussi.com\/","name":"Alessandra Bortolussi","description":"Executive Coaching and Leadership Development","publisher":{"@id":"http:\/\/alessandrabortolussi.com\/#organization"},"potentialAction":[{"@type":"SearchAction","target":{"@type":"EntryPoint","urlTemplate":"http:\/\/alessandrabortolussi.com\/?s={search_term_string}"},"query-input":{"@type":"PropertyValueSpecification","valueRequired":true,"valueName":"search_term_string"}}],"inLanguage":"it-IT"},{"@type":"Organization","@id":"http:\/\/alessandrabortolussi.com\/#organization","name":"Alessandra Bortolussi","url":"http:\/\/alessandrabortolussi.com\/","logo":{"@type":"ImageObject","inLanguage":"it-IT","@id":"http:\/\/alessandrabortolussi.com\/#\/schema\/logo\/image\/","url":"http:\/\/alessandrabortolussi.com\/wp-content\/uploads\/2020\/09\/alessandra_bortolussi_small.png","contentUrl":"http:\/\/alessandrabortolussi.com\/wp-content\/uploads\/2020\/09\/alessandra_bortolussi_small.png","width":950,"height":112,"caption":"Alessandra Bortolussi"},"image":{"@id":"http:\/\/alessandrabortolussi.com\/#\/schema\/logo\/image\/"},"sameAs":["https:\/\/www.linkedin.com\/in\/alessandrabortolussi\/"]}]}},"_links":{"self":[{"href":"http:\/\/alessandrabortolussi.com\/it\/wp-json\/wp\/v2\/pages\/29984","targetHints":{"allow":["GET"]}}],"collection":[{"href":"http:\/\/alessandrabortolussi.com\/it\/wp-json\/wp\/v2\/pages"}],"about":[{"href":"http:\/\/alessandrabortolussi.com\/it\/wp-json\/wp\/v2\/types\/page"}],"author":[{"embeddable":true,"href":"http:\/\/alessandrabortolussi.com\/it\/wp-json\/wp\/v2\/users\/1"}],"replies":[{"embeddable":true,"href":"http:\/\/alessandrabortolussi.com\/it\/wp-json\/wp\/v2\/comments?post=29984"}],"version-history":[{"count":9,"href":"http:\/\/alessandrabortolussi.com\/it\/wp-json\/wp\/v2\/pages\/29984\/revisions"}],"predecessor-version":[{"id":30319,"href":"http:\/\/alessandrabortolussi.com\/it\/wp-json\/wp\/v2\/pages\/29984\/revisions\/30319"}],"wp:attachment":[{"href":"http:\/\/alessandrabortolussi.com\/it\/wp-json\/wp\/v2\/media?parent=29984"}],"curies":[{"name":"wp","href":"https:\/\/api.w.org\/{rel}","templated":true}]}}